{"id":357,"date":"2025-04-21T06:13:21","date_gmt":"2025-04-21T06:13:21","guid":{"rendered":"https:\/\/patisseriestube.webmozarts.com\/?page_id=357"},"modified":"2025-08-16T09:39:47","modified_gmt":"2025-08-16T09:39:47","slug":"ueber-mich","status":"publish","type":"page","link":"https:\/\/patisseriestube.webmozarts.com\/?page_id=357","title":{"rendered":"\u00dcber mich"},"content":{"rendered":"\n<div class=\"wp-block-columns is-layout-flex wp-container-core-columns-is-layout-28f84493 wp-block-columns-is-layout-flex\">\n<div class=\"wp-block-column is-layout-flow wp-block-column-is-layout-flow\">\n<h2 class=\"wp-block-heading\">HANDARBEIT MIT VIEL LIEBE ZUM DETAIL<\/h2>\n\n\n\n<p>Mein Name ist Mariella Pauritsch und ich bin Zuckerb\u00e4ckermeisterin. Die Liebe zu S\u00fc\u00dfem begleitet mich schon mein Leben lang und so fand ich im Handwerk der Zuckerb\u00e4ckerei meine Berufung.<\/p>\n\n\n\n<p>In meiner Patisseriestube in Nieder\u00f6sterreich verwirkliche ich meine Dessertideen und Kreationen, immer mit dem Fokus auf <strong>Regionalit\u00e4t, Qualit\u00e4t, Nachhaltigkeit, ansprechender Optik<\/strong> und nat\u00fcrlich \u2013 am Wichtigsten \u2013 gutem <strong>Geschmack<\/strong>.<\/p>\n\n\n\n<p><\/p>\n<\/div>\n\n\n\n<div class=\"wp-block-column is-layout-flow wp-block-column-is-layout-flow\">\n<figure class=\"wp-block-image size-large\"><img loading=\"lazy\" decoding=\"async\" width=\"1024\" height=\"841\" src=\"https:\/\/patisseriestube.webmozarts.com\/wp-content\/uploads\/2025\/07\/Patisseriestube_Portrait-2_Mariella_c_-Fotostudio-Semrad-1024x841.jpg\" alt=\"Mariellas Patisseriestube-Portrait (c) Fotostudio Semrad\" class=\"wp-image-428\" srcset=\"https:\/\/patisseriestube.webmozarts.com\/wp-content\/uploads\/2025\/07\/Patisseriestube_Portrait-2_Mariella_c_-Fotostudio-Semrad-1024x841.jpg 1024w, https:\/\/patisseriestube.webmozarts.com\/wp-content\/uploads\/2025\/07\/Patisseriestube_Portrait-2_Mariella_c_-Fotostudio-Semrad-300x246.jpg 300w, https:\/\/patisseriestube.webmozarts.com\/wp-content\/uploads\/2025\/07\/Patisseriestube_Portrait-2_Mariella_c_-Fotostudio-Semrad.jpg 1559w\" sizes=\"auto, (max-width: 1024px) 100vw, 1024px\" \/><\/figure>\n<\/div>\n<\/div>\n\n\n\n<div class=\"wp-block-columns is-layout-flex wp-container-core-columns-is-layout-28f84493 wp-block-columns-is-layout-flex\">\n<div class=\"wp-block-column is-layout-flow wp-block-column-is-layout-flow\">\n<figure class=\"wp-block-image size-large\"><img loading=\"lazy\" decoding=\"async\" width=\"1024\" height=\"684\" src=\"https:\/\/patisseriestube.webmozarts.com\/wp-content\/uploads\/2025\/07\/Patisseriestube_Portrait_Mariella_c_-Fotostudio-Semrad-1024x684.jpg\" alt=\"Mariellas Patisseriestube-Portrait (c) Fotostudio Semrad\" class=\"wp-image-427\" srcset=\"https:\/\/patisseriestube.webmozarts.com\/wp-content\/uploads\/2025\/07\/Patisseriestube_Portrait_Mariella_c_-Fotostudio-Semrad-1024x684.jpg 1024w, https:\/\/patisseriestube.webmozarts.com\/wp-content\/uploads\/2025\/07\/Patisseriestube_Portrait_Mariella_c_-Fotostudio-Semrad-300x200.jpg 300w, https:\/\/patisseriestube.webmozarts.com\/wp-content\/uploads\/2025\/07\/Patisseriestube_Portrait_Mariella_c_-Fotostudio-Semrad.jpg 1920w\" sizes=\"auto, (max-width: 1024px) 100vw, 1024px\" \/><\/figure>\n<\/div>\n\n\n\n<div class=\"wp-block-column is-layout-flow wp-block-column-is-layout-flow\">\n<p>Egal ob f\u00fcr Ihre Hochzeit, einen Geburtstag oder eine Firmenfeier: f\u00fcr jeden Anlass zaubere ich Desserts nach Ihren W\u00fcnschen \u2013 auch <strong>glutenfrei oder vegan<\/strong>.<\/p>\n\n\n\n<p>F\u00fcr die unterschiedlichen Festtage und Saisonen kreiere ich k\u00f6stliche S\u00fc\u00dfigkeiten, liebevoll verziert und ideal zum verschenken oder selbst vernaschen.<\/p>\n\n\n\n<p>Ich freue mich auf Sie im Emma Store in Wolkersdorf!<\/p>\n<\/div>\n<\/div>\n\n\n\n<div style=\"height:30px\" aria-hidden=\"true\" class=\"wp-block-spacer\"><\/div>\n\n\n\n<div class=\"wp-block-group has-global-padding is-layout-constrained wp-block-group-is-layout-constrained\">\n<div class=\"wp-block-buttons is-content-justification-center is-layout-flex wp-container-core-buttons-is-layout-72caf8c6 wp-block-buttons-is-layout-flex\">\n<div class=\"wp-block-button\"><a class=\"wp-block-button__link has-background wp-element-button\" href=\"mailto:mariella@patisseriestube.at\" style=\"background-color:#37888e\"><strong>JETZT ANFRAGEN<\/strong><\/a><\/div>\n<\/div>\n<\/div>\n\n\n\n<p><\/p>\n","protected":false},"excerpt":{"rendered":"<p>HANDARBEIT MIT VIEL LIEBE ZUM DETAIL Mein Name ist Mariella Pauritsch und ich bin Zuckerb\u00e4ckermeisterin. Die Liebe zu S\u00fc\u00dfem begleitet mich schon mein Leben lang und so fand ich im Handwerk der Zuckerb\u00e4ckerei meine Berufung. In meiner Patisseriestube in Nieder\u00f6sterreich verwirkliche ich meine Dessertideen und Kreationen, immer mit dem Fokus auf Regionalit\u00e4t, Qualit\u00e4t, Nachhaltigkeit, ansprechender &hellip; <\/p>\n<p class=\"link-more\"><a href=\"https:\/\/patisseriestube.webmozarts.com\/?page_id=357\" class=\"more-link\">Mehr <span class=\"screen-reader-text\">\u00fcber &#8222;\u00dcber mich&#8220; <\/span>Lesen<\/a><\/p>\n","protected":false},"author":1,"featured_media":0,"parent":0,"menu_order":0,"comment_status":"closed","ping_status":"closed","template":"","meta":{"inspiro_hide_title":false,"footnotes":""},"class_list":["post-357","page","type-page","status-publish","hentry"],"_links":{"self":[{"href":"https:\/\/patisseriestube.webmozarts.com\/index.php?rest_route=\/wp\/v2\/pages\/357","targetHints":{"allow":["GET"]}}],"collection":[{"href":"https:\/\/patisseriestube.webmozarts.com\/index.php?rest_route=\/wp\/v2\/pages"}],"about":[{"href":"https:\/\/patisseriestube.webmozarts.com\/index.php?rest_route=\/wp\/v2\/types\/page"}],"author":[{"embeddable":true,"href":"https:\/\/patisseriestube.webmozarts.com\/index.php?rest_route=\/wp\/v2\/users\/1"}],"replies":[{"embeddable":true,"href":"https:\/\/patisseriestube.webmozarts.com\/index.php?rest_route=%2Fwp%2Fv2%2Fcomments&post=357"}],"version-history":[{"count":5,"href":"https:\/\/patisseriestube.webmozarts.com\/index.php?rest_route=\/wp\/v2\/pages\/357\/revisions"}],"predecessor-version":[{"id":468,"href":"https:\/\/patisseriestube.webmozarts.com\/index.php?rest_route=\/wp\/v2\/pages\/357\/revisions\/468"}],"wp:attachment":[{"href":"https:\/\/patisseriestube.webmozarts.com\/index.php?rest_route=%2Fwp%2Fv2%2Fmedia&parent=357"}],"curies":[{"name":"wp","href":"https:\/\/api.w.org\/{rel}","templated":true}]}}