{"id":147,"date":"2024-01-18T15:28:46","date_gmt":"2024-01-18T15:28:46","guid":{"rendered":"https:\/\/patisseriestube.webmozarts.com\/?page_id=147"},"modified":"2025-08-30T08:00:55","modified_gmt":"2025-08-30T08:00:55","slug":"anfrage-kontakt","status":"publish","type":"page","link":"https:\/\/patisseriestube.webmozarts.com\/?page_id=147","title":{"rendered":"Anfrage &#038; Kontakt"},"content":{"rendered":"\n<p class=\"has-text-align-center\">Sie sind auf der Suche nach der perfekten Torte oder ben\u00f6tigen s\u00fc\u00dfe K\u00f6stlichkeiten f\u00fcr Ihre Feier oder Ihr Firmenevent? Kommen Sie gerne in meinem Shop im EMMA-Store in Wolksdorf vorbei oder senden Sie mir direkt Ihre Anfrage oder Bestellung.<br><br>Gerne gehe ich auf Ihre individuellen W\u00fcnsche ein!<\/p>\n\n\n\n<div style=\"height:19px\" aria-hidden=\"true\" class=\"wp-block-spacer\"><\/div>\n\n\n\n<div style=\"height:30px\" aria-hidden=\"true\" class=\"wp-block-spacer\"><\/div>\n\n\n\n<div class=\"wp-block-buttons is-content-justification-center is-layout-flex wp-container-core-buttons-is-layout-a89b3969 wp-block-buttons-is-layout-flex\">\n<div class=\"wp-block-button is-style-fill\"><a class=\"wp-block-button__link has-background wp-element-button\" href=\"mailto:mariella@patisseriestube.at\" style=\"background-color:#37888e\"><strong>JETZT ANFRAGEN<\/strong><\/a><\/div>\n<\/div>\n\n\n\n<div style=\"height:44px\" aria-hidden=\"true\" class=\"wp-block-spacer\"><\/div>\n","protected":false},"excerpt":{"rendered":"<p>Sie sind auf der Suche nach der perfekten Torte oder ben\u00f6tigen s\u00fc\u00dfe K\u00f6stlichkeiten f\u00fcr Ihre Feier oder Ihr Firmenevent? Kommen Sie gerne in meinem Shop im EMMA-Store in Wolksdorf vorbei oder senden Sie mir direkt Ihre Anfrage oder Bestellung. Gerne gehe ich auf Ihre individuellen W\u00fcnsche ein!<\/p>\n","protected":false},"author":1,"featured_media":0,"parent":0,"menu_order":0,"comment_status":"closed","ping_status":"closed","template":"","meta":{"inspiro_hide_title":false,"footnotes":""},"class_list":["post-147","page","type-page","status-publish","hentry"],"_links":{"self":[{"href":"https:\/\/patisseriestube.webmozarts.com\/index.php?rest_route=\/wp\/v2\/pages\/147","targetHints":{"allow":["GET"]}}],"collection":[{"href":"https:\/\/patisseriestube.webmozarts.com\/index.php?rest_route=\/wp\/v2\/pages"}],"about":[{"href":"https:\/\/patisseriestube.webmozarts.com\/index.php?rest_route=\/wp\/v2\/types\/page"}],"author":[{"embeddable":true,"href":"https:\/\/patisseriestube.webmozarts.com\/index.php?rest_route=\/wp\/v2\/users\/1"}],"replies":[{"embeddable":true,"href":"https:\/\/patisseriestube.webmozarts.com\/index.php?rest_route=%2Fwp%2Fv2%2Fcomments&post=147"}],"version-history":[{"count":19,"href":"https:\/\/patisseriestube.webmozarts.com\/index.php?rest_route=\/wp\/v2\/pages\/147\/revisions"}],"predecessor-version":[{"id":511,"href":"https:\/\/patisseriestube.webmozarts.com\/index.php?rest_route=\/wp\/v2\/pages\/147\/revisions\/511"}],"wp:attachment":[{"href":"https:\/\/patisseriestube.webmozarts.com\/index.php?rest_route=%2Fwp%2Fv2%2Fmedia&parent=147"}],"curies":[{"name":"wp","href":"https:\/\/api.w.org\/{rel}","templated":true}]}}