{"id":115,"date":"2024-01-17T21:07:14","date_gmt":"2024-01-17T21:07:14","guid":{"rendered":"https:\/\/patisseriestube.webmozarts.com\/?page_id=115"},"modified":"2026-02-06T20:38:53","modified_gmt":"2026-02-06T20:38:53","slug":"impressum-datenschutz","status":"publish","type":"page","link":"https:\/\/patisseriestube.webmozarts.com\/?page_id=115","title":{"rendered":"Impressum"},"content":{"rendered":"\n<p>Mariellas Patisseriestube e.U. Inhaberin Mariella Pauritsch<br>Eingetragenes Einzelunternehmen<br>Konditorei<br>UID-Nr: ATU78380217<br>FN: 586635z FB-Gericht: Landesgericht Korneuburg<br>Sitz: 2123 Schleinbach Bahnstra\u00dfe 20 | \u00d6sterreich Tel: +43670 3567505 E-Mail: mariella@patisseriestube.at<\/p>\n\n\n\n<p>Mitglied der WK\u00d6, WKN\u00d6<\/p>\n\n\n\n<p>Berufsrecht: Gewerbeordnung: www.ris.bka.gv.at<\/p>\n\n\n\n<p>Bezirkshauptmannschaft Mistelbach<\/p>\n\n\n\n<p>Meisterbetrieb, Meisterpr\u00fcfung abgelegt in \u00d6sterreich<\/p>\n\n\n\n<p>Verbraucher haben die M\u00f6glichkeit, Beschwerden an die OnlineStreitbeilegungsplattform der EU zu richten: http:\/\/ec.europa.eu\/odr. Sie k\u00f6nnen allf\u00e4llige Beschwerde auch an die oben angegebene E-Mail-Adresse richten.<\/p>\n\n\n\n<p>Urheberrecht<\/p>\n\n\n\n<p>\u00a9 Copyright Mariellas Patisseriestube e.U. Alle Rechte vorbehalten. Text, Bilder, Grafiken und Videos sowie deren Anordnung auf der Website von patisseriestube.at unterliegen dem Schutz des Urheberrechts und anderer Schutzgesetze. Der Inhalt dieser Website darf nicht zu kommerziellen Zwecken kopiert, verbreitet, ver\u00e4ndert oder Dritten zug\u00e4nglich gemacht werden. Wir weisen darauf hin, dass auf den Websites enthaltene Bilder teilweise dem Urheberrecht Dritter unterliegen.<\/p>\n\n\n\n<div style=\"height:50px\" aria-hidden=\"true\" id=\"anfahrt\" class=\"wp-block-spacer anfahrt\"><\/div>\n\n\n\n<hr class=\"wp-block-separator has-alpha-channel-opacity\"\/>\n\n\n\n<div class=\"wp-block-columns is-layout-flex wp-container-core-columns-is-layout-28f84493 wp-block-columns-is-layout-flex\">\n<div class=\"wp-block-column is-layout-flow wp-block-column-is-layout-flow\" style=\"flex-basis:33.33%\">\n<p><strong>VERKAUF<\/strong><\/p>\n\n\n\n<p>EMMA Store<br>Hauptstra\u00dfe 19<br>2120 Wolkersdorf<\/p>\n\n\n\n<p><strong>\u00d6ffnungszeiten:<\/strong><br>Donnerstag &amp; Freitag: 09:00-18:00 Uhr<br>Samstag: 09:00-13:00 Uhr<\/p>\n\n\n\n<p><strong>Telefon:<\/strong> <a href=\"tel:+436703567505\">+43 670 3567505<\/a><\/p>\n\n\n\n<p><strong>E-Mail:<\/strong> <a href=\"mailto:mariella@patisseriestube.at\">mariella@patisseriestube.at<\/a><\/p>\n<\/div>\n\n\n\n<div class=\"wp-block-column is-layout-flow wp-block-column-is-layout-flow\" style=\"flex-basis:66.66%\">\n<iframe src=\"https:\/\/www.google.com\/maps\/embed?pb=!1m14!1m8!1m3!1d5299.536288233723!2d16.517175!3d48.38419!3m2!1i1024!2i768!4f13.1!3m3!1m2!1s0x476d1b9768a1985d%3A0xabf6746b62fb7b31!2sHauptstra%C3%9Fe%2019%2C%202120%20Wolkersdorf%20im%20Weinviertel!5e0!3m2!1sde!2sat!4v1705591321288!5m2!1sde!2sat\" width=\"600\" height=\"450\" style=\"border:0;\" allowfullscreen=\"\" loading=\"lazy\" referrerpolicy=\"no-referrer-when-downgrade\"><\/iframe>\n<\/div>\n<\/div>\n\n\n\n<div style=\"height:30px\" aria-hidden=\"true\" class=\"wp-block-spacer\"><\/div>\n\n\n\n<div class=\"wp-block-columns is-layout-flex wp-container-core-columns-is-layout-28f84493 wp-block-columns-is-layout-flex\">\n<div class=\"wp-block-column is-layout-flow wp-block-column-is-layout-flow\" style=\"flex-basis:33.33%\">\n<p><strong>B\u00dcRO &amp; PRODUKTION<\/strong><\/p>\n\n\n\n<p>Bahnstra\u00dfe 20<br>2123 Schleinbach<\/p>\n\n\n\n<p><strong>\u00d6ffnungszeiten:<\/strong><br>Bestellungen und Abholungen nach Absprache auch hier m\u00f6glich.<\/p>\n<\/div>\n\n\n\n<div class=\"wp-block-column is-layout-flow wp-block-column-is-layout-flow\" style=\"flex-basis:66.66%\">\n<iframe src=\"https:\/\/www.google.com\/maps\/embed?pb=!1m14!1m8!1m3!1d5295.838037468717!2d16.481343!3d48.419699!3m2!1i1024!2i768!4f13.1!3m3!1m2!1s0x476d198a07da9179%3A0xc1457804cafdb031!2sBahnstra%C3%9Fe%2020%2C%202123%20Schleinbach!5e0!3m2!1sde!2sat!4v1705591539998!5m2!1sde!2sat\" width=\"600\" height=\"450\" style=\"border:0;\" allowfullscreen=\"\" loading=\"lazy\" referrerpolicy=\"no-referrer-when-downgrade\"><\/iframe>\n<\/div>\n<\/div>\n","protected":false},"excerpt":{"rendered":"<p>Mariellas Patisseriestube e.U. Inhaberin Mariella PauritschEingetragenes EinzelunternehmenKonditoreiUID-Nr: ATU78380217FN: 586635z FB-Gericht: Landesgericht KorneuburgSitz: 2123 Schleinbach Bahnstra\u00dfe 20 | \u00d6sterreich Tel: +43670 3567505 E-Mail: mariella@patisseriestube.at Mitglied der WK\u00d6, WKN\u00d6 Berufsrecht: Gewerbeordnung: www.ris.bka.gv.at Bezirkshauptmannschaft Mistelbach Meisterbetrieb, Meisterpr\u00fcfung abgelegt in \u00d6sterreich Verbraucher haben die M\u00f6glichkeit, Beschwerden an die OnlineStreitbeilegungsplattform der EU zu richten: http:\/\/ec.europa.eu\/odr. Sie k\u00f6nnen allf\u00e4llige Beschwerde auch &hellip; <\/p>\n<p class=\"link-more\"><a href=\"https:\/\/patisseriestube.webmozarts.com\/?page_id=115\" class=\"more-link\">Mehr <span class=\"screen-reader-text\">\u00fcber &#8222;Impressum&#8220; <\/span>Lesen<\/a><\/p>\n","protected":false},"author":1,"featured_media":0,"parent":0,"menu_order":0,"comment_status":"closed","ping_status":"closed","template":"","meta":{"inspiro_hide_title":false,"footnotes":""},"class_list":["post-115","page","type-page","status-publish","hentry"],"_links":{"self":[{"href":"https:\/\/patisseriestube.webmozarts.com\/index.php?rest_route=\/wp\/v2\/pages\/115","targetHints":{"allow":["GET"]}}],"collection":[{"href":"https:\/\/patisseriestube.webmozarts.com\/index.php?rest_route=\/wp\/v2\/pages"}],"about":[{"href":"https:\/\/patisseriestube.webmozarts.com\/index.php?rest_route=\/wp\/v2\/types\/page"}],"author":[{"embeddable":true,"href":"https:\/\/patisseriestube.webmozarts.com\/index.php?rest_route=\/wp\/v2\/users\/1"}],"replies":[{"embeddable":true,"href":"https:\/\/patisseriestube.webmozarts.com\/index.php?rest_route=%2Fwp%2Fv2%2Fcomments&post=115"}],"version-history":[{"count":6,"href":"https:\/\/patisseriestube.webmozarts.com\/index.php?rest_route=\/wp\/v2\/pages\/115\/revisions"}],"predecessor-version":[{"id":602,"href":"https:\/\/patisseriestube.webmozarts.com\/index.php?rest_route=\/wp\/v2\/pages\/115\/revisions\/602"}],"wp:attachment":[{"href":"https:\/\/patisseriestube.webmozarts.com\/index.php?rest_route=%2Fwp%2Fv2%2Fmedia&parent=115"}],"curies":[{"name":"wp","href":"https:\/\/api.w.org\/{rel}","templated":true}]}}