{"id":11,"date":"2024-01-15T21:06:40","date_gmt":"2024-01-15T21:06:40","guid":{"rendered":"https:\/\/patisseriestube.webmozarts.com\/?page_id=11"},"modified":"2026-03-14T19:47:06","modified_gmt":"2026-03-14T19:47:06","slug":"homepage","status":"publish","type":"page","link":"https:\/\/patisseriestube.webmozarts.com\/","title":{"rendered":"Startseite"},"content":{"rendered":"\n<div class=\"wp-block-cover alignfull is-light\" style=\"min-height:505px;aspect-ratio:unset;\"><img loading=\"lazy\" decoding=\"async\" width=\"1024\" height=\"521\" class=\"wp-block-cover__image-background wp-image-432 size-large\" alt=\"Mariellas Patisseriestube Wolkersdorf Macarons\" src=\"https:\/\/patisseriestube.webmozarts.com\/wp-content\/uploads\/2025\/07\/Mariellas-Patisseriestube_Header_Macarons-1024x521.jpg\" data-object-fit=\"cover\" srcset=\"https:\/\/patisseriestube.webmozarts.com\/wp-content\/uploads\/2025\/07\/Mariellas-Patisseriestube_Header_Macarons-1024x521.jpg 1024w, https:\/\/patisseriestube.webmozarts.com\/wp-content\/uploads\/2025\/07\/Mariellas-Patisseriestube_Header_Macarons-300x153.jpg 300w, https:\/\/patisseriestube.webmozarts.com\/wp-content\/uploads\/2025\/07\/Mariellas-Patisseriestube_Header_Macarons.jpg 1600w\" sizes=\"auto, (max-width: 1024px) 100vw, 1024px\" \/><span aria-hidden=\"true\" class=\"wp-block-cover__background has-background-dim-20 has-background-dim\" style=\"background-color:#d0b3a1\"><\/span><div class=\"wp-block-cover__inner-container has-global-padding is-layout-constrained wp-block-cover-is-layout-constrained\">\n<p class=\"has-text-align-center has-white-color has-text-color has-max-60-font-size\" style=\"font-style:normal;font-weight:900;line-height:1.2\"><strong>Life is better with sweets.<\/strong><\/p>\n\n\n\n<p class=\"has-text-align-center has-white-color has-text-color has-medium-font-size\"><\/p>\n\n\n\n<div style=\"height:55px\" aria-hidden=\"true\" class=\"wp-block-spacer\"><\/div>\n<\/div><\/div>\n\n\n\n<div class=\"wp-block-group has-global-padding is-layout-constrained wp-block-group-is-layout-constrained\">\n\n\n<div style=\"height:20px\" aria-hidden=\"true\" class=\"wp-block-spacer\"><\/div>\n\n\n\n<h2 class=\"wp-block-heading has-text-align-center has-medium-font-size\" style=\"letter-spacing:1px\">Willkommen bei Mariellas Patisseriestube!<\/h2>\n\n\n\n<blockquote class=\"wp-block-quote is-style-plain is-layout-flow wp-container-core-quote-is-layout-55356113 wp-block-quote-is-layout-flow\" style=\"border-style:none;border-width:0px;margin-top:0;margin-right:0;margin-bottom:0;margin-left:0;padding-right:0px;padding-left:0px;font-size:clamp(16.293px, 1.018rem + ((1vw - 3.2px) * 0.771), 25px);\">\n<p class=\"has-text-align-center\">In liebevoller Handarbeit mit Fokus auf Regionalit\u00e4t, Qualit\u00e4t, Nachhaltigkeit, ansprechender Optik und gutem Geschmack zaubere ich unterschiedlichste Desserts ganz nach Ihren W\u00fcnschen!<\/p>\n\n\n\n<p class=\"has-text-align-center\">Auch glutenfrei und vegan. <\/p>\n<\/blockquote>\n<\/div>\n\n\n\n<div class=\"wp-block-group alignfull has-global-padding is-layout-constrained wp-block-group-is-layout-constrained\">\n<h2 class=\"wp-block-heading\">S\u00dcSSE KREATIONEN F\u00dcR JEDEN ANLASS<\/h2>\n\n\n\n<p style=\"font-style:normal;font-weight:300\">Besondere Momente verdienen s\u00fc\u00dfe Meisterwerke! Ob f\u00fcr Ihre <strong>Hochzeit, einen Geburtstag, Taufe oder Kommunion<\/strong> \u2013 ich kreiere Festtagstorten und <strong>feine Patisserie nach Ihren individuellen W\u00fcnschen<\/strong>, die Augen und Gaumen erfreuen. Von <strong>zartem Plunder und duftendem Geb\u00e4ck<\/strong> bis hin zu liebevoll <strong>handgemachten Weihnachtskeksen<\/strong>: Bei mir wird jeder Anlass zu einem genussvollen Erlebnis.<\/p>\n<\/div>\n\n\n<div><style id=\"wp_carousel_dynamic_css294\">.sp-wp-carousel-free-id-294.wpcf-fancybox-wrapper .fancybox-bg{background: #0b0b0b;opacity: 0.8;}.sp-wp-carousel-free-id-294.wpcf-fancybox-wrapper .fancybox-navigation .fancybox-button .wpcp-fancybox-nav-arrow i {color: #ccc;}.sp-wp-carousel-free-id-294.wpcf-fancybox-wrapper .fancybox-navigation .fancybox-button .wpcp-fancybox-nav-arrow i:hover {color: #fff;}.sp-wp-carousel-free-id-294.wpcf-fancybox-wrapper .fancybox-navigation .fancybox-button {background: #1e1e1e;}.sp-wp-carousel-free-id-294.wpcf-fancybox-wrapper .fancybox-navigation .fancybox-button:hover {background: #1e1e1e;}#sp-wp-carousel-free-id-294 .wpcp-swiper-dots {margin: 40px 0px 0px 0px;}.wpcp-wrapper-294 .swiper-wrapper .swiper-slide-kenburn, .wpcp-wrapper-294 .swiper-wrapper, .wpcp-wrapper-294 .wpcpro-row{align-items: center;}#sp-wp-carousel-free-id-294 .wpcp-single-item {box-shadow: 0px 0px 0px 0px #dddddd;transition: all .3s;margin: 0px;}#sp-wp-carousel-free-id-294.swiper-flip .wpcp-single-item{margin: 0!important;}#sp-wp-carousel-free-id-294 .wpcp-single-item:hover {box-shadow: 0px 0px 0px 0px #dddddd;}#sp-wp-carousel-free-id-294.sp-wpcp-294 .wpcp-single-item {border: 1px solid #dddddd;}#sp-wp-carousel-free-id-294.wpcp-carousel-section.sp-wpcp-294 .swiper-button-prev,#sp-wp-carousel-free-id-294.wpcp-carousel-section.sp-wpcp-294 .swiper-button-next,#sp-wp-carousel-free-id-294.wpcp-carousel-section.sp-wpcp-294 .swiper-button-prev:hover,#sp-wp-carousel-free-id-294.wpcp-carousel-section.sp-wpcp-294 .swiper-button-next:hover {font-size: 18px ; font-weight: 400;}#sp-wp-carousel-free-id-294.sp-wpcp-294 .swiper-button-prev,#sp-wp-carousel-free-id-294.sp-wpcp-294 .swiper-button-next,#sp-wp-carousel-free-id-294.sp-wpcp-294 .swiper-button-prev:hover,#sp-wp-carousel-free-id-294.sp-wpcp-294 .swiper-button-next:hover {background: none;border: none;font-size: 30px;}#sp-wp-carousel-free-id-294.sp-wpcp-294 .swiper-button-prev i,#sp-wp-carousel-free-id-294.sp-wpcp-294 .swiper-button-next i {color: #aaa;}#sp-wp-carousel-free-id-294.sp-wpcp-294 .swiper-button-prev i:hover,#sp-wp-carousel-free-id-294.sp-wpcp-294 .swiper-button-next i:hover {color: #178087;}#sp-wp-carousel-free-id-294.sp-wpcp-294 .wpcp-swiper-dots .swiper-pagination-bullet {background-color: #cccccc;}#sp-wp-carousel-free-id-294.sp-wpcp-294 .wpcp-swiper-dots .swiper-pagination-bullet.swiper-pagination-bullet-active {background-color: #178087;}#sp-wp-carousel-free-id-294 .wpcpro-row>[class*=\"wpcpro-col-\"] { padding: 0 10px; padding-bottom: 20px;} #sp-wp-carousel-free-id-294 .swiper-slide .single-item-fade:not(:last-child) { margin-right: 20px;}@media (min-width: 480px) { .wpcpro-row .wpcpro-col-sm-1 { flex: 0 0 100%; max-width: 100%; } .wpcpro-row .wpcpro-col-sm-2 { flex: 0 0 50%; max-width: 50%; } .wpcpro-row .wpcpro-col-sm-2-5 { flex: 0 0 75%; max-width: 75%; } .wpcpro-row .wpcpro-col-sm-3 { flex: 0 0 33.333%; max-width: 33.333%; } .wpcpro-row .wpcpro-col-sm-4 { flex: 0 0 25%; max-width: 25%; } .wpcpro-row .wpcpro-col-sm-5 { flex: 0 0 20%; max-width: 20%; } .wpcpro-row .wpcpro-col-sm-6 { flex: 0 0 16.66666666666667%; max-width: 16.66666666666667%; } .wpcpro-row .wpcpro-col-sm-7 { flex: 0 0 14.28571428%; max-width: 14.28571428%; } .wpcpro-row .wpcpro-col-sm-8 { flex: 0 0 12.5%; max-width: 12.5%; } } @media (max-width: 480px) { .wpcpro-row .wpcpro-col-xs-1 { flex: 0 0 100%; max-width: 100%; } .wpcpro-row .wpcpro-col-xs-2 { flex: 0 0 50%; max-width: 50%; } .wpcpro-row .wpcpro-col-xs-3 { flex: 0 0 33.222%; max-width: 33.222%; } .wpcpro-row .wpcpro-col-xs-4 { flex: 0 0 25%; max-width: 25%; } .wpcpro-row .wpcpro-col-xs-5 { flex: 0 0 20%; max-width: 20%; } .wpcpro-row .wpcpro-col-xs-6 { flex: 0 0 16.6667%; max-width: 16.6667%; } .wpcpro-row .wpcpro-col-xs-7 { flex: 0 0 14.28571428%; max-width: 14.28571428%; } .wpcpro-row .wpcpro-col-xs-8 { flex: 0 0 12.5%; max-width: 12.5%; } } @media (min-width: 736px) { .wpcpro-row .wpcpro-col-md-1 { flex: 0 0 100%; max-width: 100%; } .wpcpro-row .wpcpro-col-md-2 { flex: 0 0 50%; max-width: 50%; } .wpcpro-row .wpcpro-col-md-2-5 { flex: 0 0 75%; max-width: 75%; } .wpcpro-row .wpcpro-col-md-3 { flex: 0 0 33.333%; max-width: 33.333%; } .wpcpro-row .wpcpro-col-md-4 { flex: 0 0 25%; max-width: 25%; } .wpcpro-row .wpcpro-col-md-5 { flex: 0 0 20%; max-width: 20%; } .wpcpro-row .wpcpro-col-md-6 { flex: 0 0 16.66666666666667%; max-width: 16.66666666666667%; } .wpcpro-row .wpcpro-col-md-7 { flex: 0 0 14.28571428%; max-width: 14.28571428%; } .wpcpro-row .wpcpro-col-md-8 { flex: 0 0 12.5%; max-width: 12.5%; } } @media (min-width: 980px) { .wpcpro-row .wpcpro-col-lg-1 { flex: 0 0 100%; max-width: 100%; } .wpcpro-row .wpcpro-col-lg-2 { flex: 0 0 50%; max-width: 50%; } .wpcpro-row .wpcpro-col-lg-3 { flex: 0 0 33.222%; max-width: 33.222%; } .wpcpro-row .wpcpro-col-lg-4 { flex: 0 0 25%; max-width: 25%; } .wpcpro-row .wpcpro-col-lg-5 { flex: 0 0 20%; max-width: 20%; } .wpcpro-row .wpcpro-col-lg-6 { flex: 0 0 16.6667%; max-width: 16.6667%; } .wpcpro-row .wpcpro-col-lg-7 { flex: 0 0 14.28571428%; max-width: 14.28571428%; } .wpcpro-row .wpcpro-col-lg-8 { flex: 0 0 12.5%; max-width: 12.5%; } } @media (min-width: 1200px) { .wpcpro-row .wpcpro-col-xl-1 { flex: 0 0 100%; max-width: 100%; } .wpcpro-row .wpcpro-col-xl-2 { flex: 0 0 50%; max-width: 50%; } .wpcpro-row .wpcpro-col-xl-3 { flex: 0 0 33.22222222%; max-width: 33.22222222%; } .wpcpro-row .wpcpro-col-xl-4 { flex: 0 0 25%; max-width: 25%; } .wpcpro-row .wpcpro-col-xl-5 { flex: 0 0 20%; max-width: 20%; } .wpcpro-row .wpcpro-col-xl-6 { flex: 0 0 16.66667%; max-width: 16.66667%; } .wpcpro-row .wpcpro-col-xl-7 { flex: 0 0 14.28571428%; max-width: 14.28571428%; } .wpcpro-row .wpcpro-col-xl-8 { flex: 0 0 12.5%; max-width: 12.5%; } }<\/style><div class=\"wpcp-carousel-wrapper wpcp-wrapper-294\">\n\t<div id=\"wpcp-preloader-294\" class=\"wpcp-carousel-preloader\"><img decoding=\"async\" src=\"https:\/\/patisseriestube.webmozarts.com\/wp-content\/plugins\/wp-carousel-free\/public\/css\/spinner.svg\" alt=\"Preloader Image\" \/><\/div>\t<div class=\"wpcp-carousel-content-wrapper\">\n\t<div id=\"sp-wp-carousel-free-id-294\" class=\"wpcp-carousel-section sp-wpcp-294  nav-vertical-center wpcp-image-carousel wpcp-preloader wpcp-standard\" data-swiper='{ &quot;pagination_type&quot;: &quot;dots&quot;,&quot;accessibility&quot;:true, &quot;spaceBetween&quot;:20, &quot;arrows&quot;:true, &quot;freeMode&quot;: false, &quot;autoplay&quot;:true, &quot;effect&quot;: &quot;&quot;, &quot;centerMode&quot;: false, &quot;autoplaySpeed&quot;:3000, &quot;dots&quot;:true, &quot;infinite&quot;:true, &quot;speed&quot;:600, &quot;pauseOnHover&quot;:true,\n\t\t\t&quot;slidesToShow&quot;:{&quot;lg_desktop&quot;:5, &quot;desktop&quot;: 4, &quot;laptop&quot;: 3, &quot;tablet&quot;: 2, &quot;mobile&quot;: 1}, &quot;responsive&quot;:{&quot;desktop&quot;:1200, &quot;laptop&quot;: 980, &quot;tablet&quot;: 736, &quot;mobile&quot;: 480}, &quot;rtl&quot;:false, &quot;lazyLoad&quot;: &quot;false&quot;, &quot;swipe&quot;: true, &quot;draggable&quot;: true, &quot;swipeToSlide&quot;:false }' dir=\"ltr\">\n\t\t<div class=\"swiper-wrapper\">\n\t\t<div class=\"swiper-slide\">\n\t<div class=\"wpcp-single-item\">\n\t\t\t<div class=\"wpcp-slide-image\">\n\t\t<img loading=\"lazy\" decoding=\"async\" class=\"skip-lazy\" src=\"https:\/\/patisseriestube.webmozarts.com\/wp-content\/uploads\/2025\/07\/Patisseriestube_Hochzeitstorte-1.jpg\" alt=\"Patisseriestube_Hochzeitstorte-1\" width=\"400\" height=\"400\">\t<\/div>\n\t\t<\/div>\n<\/div>\n\t<div class=\"swiper-slide\">\n\t<div class=\"wpcp-single-item\">\n\t\t\t<div class=\"wpcp-slide-image\">\n\t\t<img loading=\"lazy\" decoding=\"async\" class=\"skip-lazy\" src=\"https:\/\/patisseriestube.webmozarts.com\/wp-content\/uploads\/2025\/07\/Patisseriestube_Geburtstagtorte-3.jpg\" alt=\"Patisseriestube_Geburtstagtorte-3\" width=\"400\" height=\"400\">\t<\/div>\n\t\t<\/div>\n<\/div>\n\t<div class=\"swiper-slide\">\n\t<div class=\"wpcp-single-item\">\n\t\t\t<div class=\"wpcp-slide-image\">\n\t\t<img loading=\"lazy\" decoding=\"async\" class=\"skip-lazy\" src=\"https:\/\/patisseriestube.webmozarts.com\/wp-content\/uploads\/2025\/07\/Patisseriestube_Patisserie-1.jpg\" alt=\"Patisseriestube_Patisserie-1\" width=\"400\" height=\"400\">\t<\/div>\n\t\t<\/div>\n<\/div>\n\t<div class=\"swiper-slide\">\n\t<div class=\"wpcp-single-item\">\n\t\t\t<div class=\"wpcp-slide-image\">\n\t\t<img loading=\"lazy\" decoding=\"async\" class=\"skip-lazy\" src=\"https:\/\/patisseriestube.webmozarts.com\/wp-content\/uploads\/2025\/07\/Patisseriestube_Torte-Taufe-2.jpg\" alt=\"Patisseriestube_Torte-Taufe-2\" width=\"400\" height=\"400\">\t<\/div>\n\t\t<\/div>\n<\/div>\n\t<div class=\"swiper-slide\">\n\t<div class=\"wpcp-single-item\">\n\t\t\t<div class=\"wpcp-slide-image\">\n\t\t<img loading=\"lazy\" decoding=\"async\" class=\"skip-lazy\" src=\"https:\/\/patisseriestube.webmozarts.com\/wp-content\/uploads\/2025\/07\/Patisseriestube_Macarons.jpg\" alt=\"Patisseriestube_Macarons\" width=\"400\" height=\"400\">\t<\/div>\n\t\t<\/div>\n<\/div>\n\t<div class=\"swiper-slide\">\n\t<div class=\"wpcp-single-item\">\n\t\t\t<div class=\"wpcp-slide-image\">\n\t\t<img loading=\"lazy\" decoding=\"async\" class=\"skip-lazy\" src=\"https:\/\/patisseriestube.webmozarts.com\/wp-content\/uploads\/2025\/07\/Patisseriestube_Nusstorte.jpg\" alt=\"Patisseriestube_Nusstorte\" width=\"400\" height=\"400\">\t<\/div>\n\t\t<\/div>\n<\/div>\n\t<div class=\"swiper-slide\">\n\t<div class=\"wpcp-single-item\">\n\t\t\t<div class=\"wpcp-slide-image\">\n\t\t<img loading=\"lazy\" decoding=\"async\" class=\"skip-lazy\" src=\"https:\/\/patisseriestube.webmozarts.com\/wp-content\/uploads\/2025\/07\/Patisseriestube_Plunder-1.jpg\" alt=\"Patisseriestube_Plunder-1\" width=\"400\" height=\"400\">\t<\/div>\n\t\t<\/div>\n<\/div>\n\t<div class=\"swiper-slide\">\n\t<div class=\"wpcp-single-item\">\n\t\t\t<div class=\"wpcp-slide-image\">\n\t\t<img loading=\"lazy\" decoding=\"async\" class=\"skip-lazy\" src=\"https:\/\/patisseriestube.webmozarts.com\/wp-content\/uploads\/2025\/07\/Patisseriestube_Torte-Master.jpg\" alt=\"Patisseriestube_Torte-Master\" width=\"400\" height=\"400\">\t<\/div>\n\t\t<\/div>\n<\/div>\n\t<div class=\"swiper-slide\">\n\t<div class=\"wpcp-single-item\">\n\t\t\t<div class=\"wpcp-slide-image\">\n\t\t<img loading=\"lazy\" decoding=\"async\" class=\"skip-lazy\" src=\"https:\/\/patisseriestube.webmozarts.com\/wp-content\/uploads\/2025\/07\/Patisseriestube_Pralinen.jpg\" alt=\"Patisseriestube_Pralinen\" width=\"400\" height=\"400\">\t<\/div>\n\t\t<\/div>\n<\/div>\n\t<div class=\"swiper-slide\">\n\t<div class=\"wpcp-single-item\">\n\t\t\t<div class=\"wpcp-slide-image\">\n\t\t<img loading=\"lazy\" decoding=\"async\" class=\"skip-lazy\" src=\"https:\/\/patisseriestube.webmozarts.com\/wp-content\/uploads\/2025\/07\/Patisseriestube_Kekse-Weihnachtsbaeckerei-1.jpg\" alt=\"Patisseriestube_Kekse-Weihnachtsba\u0308ckerei-1\" width=\"400\" height=\"400\">\t<\/div>\n\t\t<\/div>\n<\/div>\n\t<div class=\"swiper-slide\">\n\t<div class=\"wpcp-single-item\">\n\t\t\t<div class=\"wpcp-slide-image\">\n\t\t<img loading=\"lazy\" decoding=\"async\" class=\"skip-lazy\" src=\"https:\/\/patisseriestube.webmozarts.com\/wp-content\/uploads\/2025\/07\/Patisseriestube_Geburtstagstorte-4.jpg\" alt=\"Patisseriestube_Geburtstagstorte-4\" width=\"400\" height=\"400\">\t<\/div>\n\t\t<\/div>\n<\/div>\n\t<div class=\"swiper-slide\">\n\t<div class=\"wpcp-single-item\">\n\t\t\t<div class=\"wpcp-slide-image\">\n\t\t<img loading=\"lazy\" decoding=\"async\" class=\"skip-lazy\" src=\"https:\/\/patisseriestube.webmozarts.com\/wp-content\/uploads\/2025\/07\/Patisseriestube_Firmenevents-1.jpg\" alt=\"Patisseriestube_Firmenevents-1\" width=\"400\" height=\"400\">\t<\/div>\n\t\t<\/div>\n<\/div>\n\t<div class=\"swiper-slide\">\n\t<div class=\"wpcp-single-item\">\n\t\t\t<div class=\"wpcp-slide-image\">\n\t\t<img loading=\"lazy\" decoding=\"async\" class=\"skip-lazy\" src=\"https:\/\/patisseriestube.webmozarts.com\/wp-content\/uploads\/2025\/07\/Patisseriestube_Saisonales-1.jpg\" alt=\"Patisseriestube_Saisonales-1\" width=\"400\" height=\"400\">\t<\/div>\n\t\t<\/div>\n<\/div>\n\t\t\t<\/div>\n\t\t\t\t\t<div class=\"wpcp-swiper-dots swiper-pagination\"><\/div>\n\t\t\t\t<!-- If we need navigation buttons -->\n\t\t\t\t\t<div class=\"wpcp-prev-button swiper-button-prev\"><i class=\"fa fa-angle-left\"><\/i><\/div>\n\t\t\t<div class=\"wpcp-next-button swiper-button-next\"><i class=\"fa fa-angle-right\"><\/i><\/div>\n\t\t\t<\/div>\n\t<\/div>\n<\/div>\n<\/div>\n\n\n<div id=\"news\" class=\"wp-block-group has-global-padding is-layout-constrained wp-block-group-is-layout-constrained\">\n<div style=\"height:50px\" aria-hidden=\"true\" id=\"aktuelles\" class=\"wp-block-spacer aktuelles\"><\/div>\n\n\n\n<h2 class=\"wp-block-heading has-text-align-left has-primary-color has-text-color\">AKTUELLES<\/h2>\n\n\n\n<div style=\"height:10px\" aria-hidden=\"true\" class=\"wp-block-spacer\"><\/div>\n\n\n\n<p>Meine aktuellen Angebote finden Sie auch auf meinem <a href=\"https:\/\/www.facebook.com\/profile.php?id=100086706826588\" target=\"_blank\" rel=\"noreferrer noopener\">Facebook<\/a>&#8211; und <a href=\"https:\/\/www.instagram.com\/mariellas_patisseriestube\/\" target=\"_blank\" rel=\"noreferrer noopener\">Instagram<\/a>-Kanal!<\/p>\n\n\n\n<div class=\"wp-block-columns is-layout-flex wp-container-core-columns-is-layout-28f84493 wp-block-columns-is-layout-flex\">\n<div class=\"wp-block-column is-layout-flow wp-block-column-is-layout-flow\">\n<figure class=\"wp-block-image size-full\"><img loading=\"lazy\" decoding=\"async\" width=\"1920\" height=\"1282\" src=\"https:\/\/patisseriestube.webmozarts.com\/wp-content\/uploads\/2026\/03\/Patisseriestube_Aktuelles_Ostern.jpg\" alt=\"\" class=\"wp-image-613\" style=\"aspect-ratio:3\/2;object-fit:cover\" srcset=\"https:\/\/patisseriestube.webmozarts.com\/wp-content\/uploads\/2026\/03\/Patisseriestube_Aktuelles_Ostern.jpg 1920w, https:\/\/patisseriestube.webmozarts.com\/wp-content\/uploads\/2026\/03\/Patisseriestube_Aktuelles_Ostern-300x200.jpg 300w, https:\/\/patisseriestube.webmozarts.com\/wp-content\/uploads\/2026\/03\/Patisseriestube_Aktuelles_Ostern-1024x684.jpg 1024w\" sizes=\"auto, (max-width: 1920px) 100vw, 1920px\" \/><\/figure>\n\n\n\n<h3 class=\"wp-block-heading\">Osterfreude aus der Backstube<\/h3>\n\n\n\n<p style=\"font-style:normal;font-weight:300\">Zu Ostern darf ein traditioneller Osterstriezel einfach nicht fehlen. Goldbraun gebacken, herrzlich flaumig und mit viel Liebe geflochten \u2013 perfekt f\u00fcr den festlichen Osterbrunch oder als s\u00fc\u00dfes Geschenk. Jetzt <a href=\"tel:00436703567505\">telefonisch<\/a> oder per <a href=\"mailto:mariella@patisseriestube.at\">E-Mail<\/a> vorbestellen!<br><\/p>\n<\/div>\n\n\n\n<div class=\"wp-block-column is-layout-flow wp-block-column-is-layout-flow\">\n<figure class=\"wp-block-image size-large\"><img loading=\"lazy\" decoding=\"async\" width=\"1024\" height=\"684\" src=\"https:\/\/patisseriestube.webmozarts.com\/wp-content\/uploads\/2025\/08\/Patisseriestube_Aktuelles_Emma-Hochzeitsmesse2-1024x684.jpg\" alt=\"\" class=\"wp-image-466\" srcset=\"https:\/\/patisseriestube.webmozarts.com\/wp-content\/uploads\/2025\/08\/Patisseriestube_Aktuelles_Emma-Hochzeitsmesse2-1024x684.jpg 1024w, https:\/\/patisseriestube.webmozarts.com\/wp-content\/uploads\/2025\/08\/Patisseriestube_Aktuelles_Emma-Hochzeitsmesse2-300x200.jpg 300w, https:\/\/patisseriestube.webmozarts.com\/wp-content\/uploads\/2025\/08\/Patisseriestube_Aktuelles_Emma-Hochzeitsmesse2.jpg 1920w\" sizes=\"auto, (max-width: 1024px) 100vw, 1024px\" \/><\/figure>\n\n\n\n<h3 class=\"wp-block-heading\">Torten f\u00fcr besondere Anl\u00e4sse<\/h3>\n\n\n\n<p style=\"font-style:normal;font-weight:300\">Ob Hochzeit, Taufe, Firmung oder Geburtstag \u2013 ich gestalte Ihre Festtagstorte ganz nach Ihren W\u00fcnschen. Mit viel Liebe zum Detail und feinsten Zutaten entstehen individuelle Torten, die nicht nur wundersch\u00f6n aussehen, sondern auch unvergesslich schmecken.<br><\/p>\n<\/div>\n\n\n\n<div class=\"wp-block-column is-layout-flow wp-block-column-is-layout-flow\">\n<figure class=\"wp-block-image size-large\"><img loading=\"lazy\" decoding=\"async\" width=\"1024\" height=\"684\" src=\"https:\/\/patisseriestube.webmozarts.com\/wp-content\/uploads\/2025\/07\/Patisseriestube_Aktuelles_Dubai-Schokolade-1024x684.jpg\" alt=\"\" class=\"wp-image-440\" srcset=\"https:\/\/patisseriestube.webmozarts.com\/wp-content\/uploads\/2025\/07\/Patisseriestube_Aktuelles_Dubai-Schokolade-1024x684.jpg 1024w, https:\/\/patisseriestube.webmozarts.com\/wp-content\/uploads\/2025\/07\/Patisseriestube_Aktuelles_Dubai-Schokolade-300x200.jpg 300w, https:\/\/patisseriestube.webmozarts.com\/wp-content\/uploads\/2025\/07\/Patisseriestube_Aktuelles_Dubai-Schokolade.jpg 1920w\" sizes=\"auto, (max-width: 1024px) 100vw, 1024px\" \/><\/figure>\n\n\n\n<h3 class=\"wp-block-heading\">Dubai-Schokolade \u2013 ein Hauch Orient, verf\u00fchrerisch und fein<\/h3>\n\n\n\n<p style=\"font-style:normal;font-weight:300\">Ab sofort gibt es die orientalische S\u00fc\u00dfspeise auch bei mir im Shop! Mit knusprigem Engelshaar und cremiger Pistaziencreme in feinster Vollmilch-Kuvert\u00fcre.<\/p>\n<\/div>\n<\/div>\n<\/div>\n\n\n\n<div id=\"partners\" class=\"wp-block-group has-global-padding is-content-justification-center is-layout-constrained wp-container-core-group-is-layout-dc06fb1d wp-block-group-is-layout-constrained\">\n<div style=\"height:80px\" aria-hidden=\"true\" class=\"wp-block-spacer\"><\/div>\n<\/div>\n\n\n\n<div class=\"wp-block-cover alignfull is-light has-parallax is-position-center-center\" style=\"border-radius:0px\"><div class=\"wp-block-cover__image-background wp-image-438 size-large has-parallax\" style=\"background-position:50% 50%;background-image:url(https:\/\/patisseriestube.webmozarts.com\/wp-content\/uploads\/2025\/07\/Patisseriestube_Geburtstagstorte_Bestellung-1-1024x488.jpg)\"><\/div><span aria-hidden=\"true\" class=\"wp-block-cover__background has-black-background-color has-background-dim-20 has-background-dim\"><\/span><div class=\"wp-block-cover__inner-container is-layout-flow wp-block-cover-is-layout-flow\">\n<div class=\"wp-block-group has-global-padding is-layout-constrained wp-block-group-is-layout-constrained\">\n<h3 class=\"wp-block-heading has-text-align-center has-text-color has-medium-font-size\" style=\"color:#fffffa;text-transform:uppercase\">Jetzt bestellen!<\/h3>\n\n\n\n<p class=\"has-text-align-center has-white-color has-text-color has-medium-font-size\" style=\"font-style:normal;font-weight:300\">Meine Liebe f\u00fcr S\u00fc\u00dfes schmeckt man in all meinen Desserts und Kreationen. <br>Ich freue mich auf Ihre Anfrage!<\/p>\n\n\n\n<div style=\"height:31px\" aria-hidden=\"true\" class=\"wp-block-spacer\"><\/div>\n\n\n\n<div class=\"wp-block-buttons is-horizontal is-content-justification-center is-layout-flex wp-container-core-buttons-is-layout-03627597 wp-block-buttons-is-layout-flex\">\n<div class=\"wp-block-button is-style-outline is-style-outline--1\"><a class=\"wp-block-button__link has-white-color has-text-color wp-element-button\" href=\"https:\/\/patisseriestube.webmozarts.com\/?page_id=147\" style=\"border-radius:0px\">KONTAKT<\/a><\/div>\n<\/div>\n<\/div>\n<\/div><\/div>\n\n\n\n<div style=\"height:20px\" aria-hidden=\"true\" class=\"wp-block-spacer\"><\/div>\n\n\n\n<h3 class=\"wp-block-heading has-text-align-center\">BESUCHEN SIE MEINEN SHOP IN WOLKERSDORF IM WEINVIERTEL<\/h3>\n\n\n\n<p class=\"has-text-align-center\" style=\"font-style:normal;font-weight:300\">EMMA Store<br>Hauptstra\u00dfe 19, 2120 Wolkersdorf<\/p>\n\n\n\n<p class=\"has-text-align-center\" style=\"font-style:normal;font-weight:300\">\u00d6ffnungszeiten:<br>Donnerstag &amp; Freitag: 09:00-18:00 Uhr<br>Samstag: 09:00-13:00 Uhr<\/p>\n\n\n\n<div style=\"height:var(--wp--preset--spacing--small)\" aria-hidden=\"true\" class=\"wp-block-spacer\"><\/div>\n\n\n\n<p><\/p>\n","protected":false},"excerpt":{"rendered":"<p>Willkommen bei Mariellas Patisseriestube! In liebevoller Handarbeit mit Fokus auf Regionalit\u00e4t, Qualit\u00e4t, Nachhaltigkeit, ansprechender Optik und gutem Geschmack zaubere ich unterschiedlichste Desserts ganz nach Ihren W\u00fcnschen! Auch glutenfrei und vegan. S\u00dcSSE KREATIONEN F\u00dcR JEDEN ANLASS Besondere Momente verdienen s\u00fc\u00dfe Meisterwerke! Ob f\u00fcr Ihre Hochzeit, einen Geburtstag, Taufe oder Kommunion \u2013 ich kreiere Festtagstorten und feine &hellip; <\/p>\n<p class=\"link-more\"><a href=\"https:\/\/patisseriestube.webmozarts.com\/\" class=\"more-link\">Mehr <span class=\"screen-reader-text\">\u00fcber &#8222;Startseite&#8220; <\/span>Lesen<\/a><\/p>\n","protected":false},"author":1,"featured_media":0,"parent":0,"menu_order":0,"comment_status":"closed","ping_status":"closed","template":"page-templates\/homepage-no-hero.php","meta":{"inspiro_hide_title":false,"footnotes":""},"class_list":["post-11","page","type-page","status-publish","hentry"],"_links":{"self":[{"href":"https:\/\/patisseriestube.webmozarts.com\/index.php?rest_route=\/wp\/v2\/pages\/11","targetHints":{"allow":["GET"]}}],"collection":[{"href":"https:\/\/patisseriestube.webmozarts.com\/index.php?rest_route=\/wp\/v2\/pages"}],"about":[{"href":"https:\/\/patisseriestube.webmozarts.com\/index.php?rest_route=\/wp\/v2\/types\/page"}],"author":[{"embeddable":true,"href":"https:\/\/patisseriestube.webmozarts.com\/index.php?rest_route=\/wp\/v2\/users\/1"}],"replies":[{"embeddable":true,"href":"https:\/\/patisseriestube.webmozarts.com\/index.php?rest_route=%2Fwp%2Fv2%2Fcomments&post=11"}],"version-history":[{"count":158,"href":"https:\/\/patisseriestube.webmozarts.com\/index.php?rest_route=\/wp\/v2\/pages\/11\/revisions"}],"predecessor-version":[{"id":615,"href":"https:\/\/patisseriestube.webmozarts.com\/index.php?rest_route=\/wp\/v2\/pages\/11\/revisions\/615"}],"wp:attachment":[{"href":"https:\/\/patisseriestube.webmozarts.com\/index.php?rest_route=%2Fwp%2Fv2%2Fmedia&parent=11"}],"curies":[{"name":"wp","href":"https:\/\/api.w.org\/{rel}","templated":true}]}}